{"id":529,"date":"2018-06-26T17:28:15","date_gmt":"2018-06-26T20:28:15","guid":{"rendered":"https:\/\/zpng.com.br\/zapping\/?page_id=529"},"modified":"2019-11-04T09:57:41","modified_gmt":"2019-11-04T12:57:41","slug":"premio-digital-awards","status":"publish","type":"page","link":"https:\/\/zpng.com.br\/zapping\/premio-digital-awards\/","title":{"rendered":"Digital Awards"},"content":{"rendered":"<div class=\"wpb-content-wrapper\"><p>[vc_row css_animation=&#8221;&#8221; row_type=&#8221;row&#8221; use_row_as_full_screen_section=&#8221;no&#8221; type=&#8221;grid&#8221; angled_section=&#8221;no&#8221; text_align=&#8221;left&#8221; background_image_as_pattern=&#8221;without_pattern&#8221; css=&#8221;.vc_custom_1530044502780{padding-top: 0px !important;padding-bottom: 40px !important;}&#8221; z_index=&#8221;&#8221;][vc_column][vc_single_image image=&#8221;536&#8243; img_size=&#8221;full&#8221; alignment=&#8221;center&#8221; qode_css_animation=&#8221;&#8221; qode_hover_animation=&#8221;zoom_in&#8221;][vc_separator type=&#8221;transparent&#8221; thickness=&#8221;0&#8243; up=&#8221;37&#8243; down=&#8221;0&#8243;][vc_column_text]O Brasil \u00e9 o segundo maior mercado do mundo em termos de volume de impress\u00f5es mensais, com quase quase 9 milh\u00f5es de internautas, que acessam a internet exclusivamente de seus tablets e celulares.<\/p>\n<p>&nbsp;<\/p>\n<p>Com o know how e expertise da <strong>Zapping &#8211; Consultoria em experi\u00eancias presenciais<\/strong>\u00a0e do <strong>Pr\u00eamio Jovem Brasileiro<\/strong> \u2013 que a 18 anos premia e reconhece jovens talentos do nosso pa\u00eds pelo seu protagonismo, o <strong>#DigitalAwardsBR<\/strong> chega na sua 3\u00aa edi\u00e7\u00e3o para valorizar e destacar os profissionais e empresas que colaboram com o desenvolvimento do mercado digital brasileiro.[\/vc_column_text][vc_separator type=&#8221;transparent&#8221; thickness=&#8221;0&#8243; up=&#8221;37&#8243; down=&#8221;0&#8243;]<a  itemprop=\"url\" href=\"https:\/\/www.digitalawards.com.br\/site\/\" target=\"_blank\"  class=\"qbutton  center default\" style=\"\">Acesse o Digital Awards<\/a>[\/vc_column][\/vc_row][vc_row css_animation=&#8221;&#8221; row_type=&#8221;row&#8221; use_row_as_full_screen_section=&#8221;no&#8221; type=&#8221;grid&#8221; angled_section=&#8221;no&#8221; text_align=&#8221;left&#8221; background_image_as_pattern=&#8221;without_pattern&#8221; css=&#8221;.vc_custom_1527874557581{padding-top: 0px !important;padding-bottom: 80px !important;}&#8221; z_index=&#8221;&#8221;][vc_column offset=&#8221;vc_col-lg-4 vc_col-md-4 vc_col-xs-12&#8243;][vc_separator type=&#8221;transparent&#8221; thickness=&#8221;0&#8243; up=&#8221;25&#8243; down=&#8221;0&#8243;][\/vc_column][vc_column offset=&#8221;vc_col-lg-4 vc_col-md-4 vc_col-xs-12&#8243;][vc_separator type=&#8221;transparent&#8221; thickness=&#8221;0&#8243; up=&#8221;25&#8243; down=&#8221;0&#8243;][\/vc_column][vc_column offset=&#8221;vc_col-lg-4 vc_col-md-4 vc_col-xs-12&#8243;][vc_separator type=&#8221;transparent&#8221; thickness=&#8221;0&#8243; up=&#8221;25&#8243; down=&#8221;0&#8243;][\/vc_column][\/vc_row][vc_row css_animation=&#8221;&#8221; row_type=&#8221;row&#8221; use_row_as_full_screen_section=&#8221;no&#8221; type=&#8221;full_width&#8221; angled_section=&#8221;no&#8221; text_align=&#8221;left&#8221; background_image_as_pattern=&#8221;without_pattern&#8221; background_color=&#8221;#00a8ff&#8221; css=&#8221;.vc_custom_1455880138244{padding-top: 62px !important;padding-bottom: 62px !important;}&#8221;][vc_column]<div class='qode_carousels_holder clearfix'><div class='qode_carousels' data-number-of-visible-items=''><ul class='slides'><li class='item'><div class=\"carousel_item_holder\"><span class='first_image_holder has_hover_image'><img decoding=\"async\" itemprop=\"image\" src=\"https:\/\/zpng.com.br\/zapping\/wp-content\/uploads\/2018\/05\/OLLA1OK.png\" alt=\"carousel image\" \/><\/span><span class='second_image_holder has_hover_image'><img decoding=\"async\" itemprop=\"image\" src=\"https:\/\/zpng.com.br\/zapping\/wp-content\/uploads\/2018\/05\/OLLA1OK.png\" alt=\"carousel image\" \/><\/span><\/div><\/li><li class='item'><div class=\"carousel_item_holder\"><a itemprop='url' href='#' target='_self'><span class='first_image_holder has_hover_image'><img decoding=\"async\" itemprop=\"image\" src=\"https:\/\/zpng.com.br\/zapping\/wp-content\/uploads\/2018\/05\/FINI2OK.png\" alt=\"carousel image\" \/><\/span><span class='second_image_holder has_hover_image'><img decoding=\"async\" itemprop=\"image\" src=\"https:\/\/zpng.com.br\/zapping\/wp-content\/uploads\/2018\/05\/FINI2OK.png\" alt=\"carousel image\" \/><\/span><\/a><\/div><\/li><li class='item'><div class=\"carousel_item_holder\"><a itemprop='url' href='#' target='_self'><span class='first_image_holder has_hover_image'><img decoding=\"async\" itemprop=\"image\" src=\"https:\/\/zpng.com.br\/zapping\/wp-content\/uploads\/2018\/05\/FORD3OK.png\" alt=\"carousel image\" \/><\/span><span class='second_image_holder has_hover_image'><img decoding=\"async\" itemprop=\"image\" src=\"https:\/\/zpng.com.br\/zapping\/wp-content\/uploads\/2018\/05\/FORD3OK.png\" alt=\"carousel image\" \/><\/span><\/a><\/div><\/li><li class='item'><div class=\"carousel_item_holder\"><a itemprop='url' href='#' target='_self'><span class='first_image_holder has_hover_image'><img decoding=\"async\" itemprop=\"image\" src=\"https:\/\/zpng.com.br\/zapping\/wp-content\/uploads\/2018\/05\/CATHO4OK-1.png\" alt=\"carousel image\" \/><\/span><span class='second_image_holder has_hover_image'><img decoding=\"async\" itemprop=\"image\" src=\"https:\/\/zpng.com.br\/zapping\/wp-content\/uploads\/2018\/05\/CATHO4OK-1.png\" alt=\"carousel image\" \/><\/span><\/a><\/div><\/li><li class='item'><div class=\"carousel_item_holder\"><a itemprop='url' href='#' target='_self'><span class='first_image_holder has_hover_image'><img decoding=\"async\" itemprop=\"image\" src=\"https:\/\/zpng.com.br\/zapping\/wp-content\/uploads\/2018\/05\/KIDZANIA5OK.png\" alt=\"carousel image\" \/><\/span><span class='second_image_holder has_hover_image'><img decoding=\"async\" itemprop=\"image\" src=\"https:\/\/zpng.com.br\/zapping\/wp-content\/uploads\/2018\/05\/KIDZANIA5OK.png\" alt=\"carousel image\" \/><\/span><\/a><\/div><\/li><li class='item'><div class=\"carousel_item_holder\"><a itemprop='url' href='#' target='_self'><span class='first_image_holder has_hover_image'><img decoding=\"async\" itemprop=\"image\" src=\"https:\/\/zpng.com.br\/zapping\/wp-content\/uploads\/2018\/05\/CAMAROTE_BRAHMA6OK.png\" alt=\"carousel image\" \/><\/span><span class='second_image_holder has_hover_image'><img decoding=\"async\" itemprop=\"image\" src=\"https:\/\/zpng.com.br\/zapping\/wp-content\/uploads\/2018\/05\/CAMAROTE_BRAHMA6OK.png\" alt=\"carousel image\" \/><\/span><\/a><\/div><\/li><li class='item'><div class=\"carousel_item_holder\"><a itemprop='url' href='#' target='_self'><span class='first_image_holder has_hover_image'><img decoding=\"async\" itemprop=\"image\" src=\"https:\/\/zpng.com.br\/zapping\/wp-content\/uploads\/2018\/05\/IFL7OK.png\" alt=\"carousel image\" \/><\/span><span class='second_image_holder has_hover_image'><img decoding=\"async\" itemprop=\"image\" src=\"https:\/\/zpng.com.br\/zapping\/wp-content\/uploads\/2018\/05\/IFL7OK.png\" alt=\"carousel image\" \/><\/span><\/a><\/div><\/li><li class='item'><div class=\"carousel_item_holder\"><a itemprop='url' href='#' target='_self'><span class='first_image_holder has_hover_image'><img decoding=\"async\" itemprop=\"image\" src=\"https:\/\/zpng.com.br\/zapping\/wp-content\/uploads\/2018\/05\/EDUZZ8OK.png\" alt=\"carousel image\" \/><\/span><span class='second_image_holder has_hover_image'><img decoding=\"async\" itemprop=\"image\" src=\"https:\/\/zpng.com.br\/zapping\/wp-content\/uploads\/2018\/05\/EDUZZ8OK.png\" alt=\"carousel image\" \/><\/span><\/a><\/div><\/li><li class='item'><div class=\"carousel_item_holder\"><a itemprop='url' href='#' target='_self'><span class='first_image_holder has_hover_image'><img decoding=\"async\" itemprop=\"image\" src=\"https:\/\/zpng.com.br\/zapping\/wp-content\/uploads\/2018\/05\/MUA9OK.png\" alt=\"carousel image\" \/><\/span><span class='second_image_holder has_hover_image'><img decoding=\"async\" itemprop=\"image\" src=\"https:\/\/zpng.com.br\/zapping\/wp-content\/uploads\/2018\/05\/MUA9OK.png\" alt=\"carousel image\" \/><\/span><\/a><\/div><\/li><li class='item'><div class=\"carousel_item_holder\"><a itemprop='url' href='#' target='_self'><span class='first_image_holder has_hover_image'><img decoding=\"async\" itemprop=\"image\" src=\"https:\/\/zpng.com.br\/zapping\/wp-content\/uploads\/2018\/05\/DOJODEMKT11OK.png\" alt=\"carousel image\" \/><\/span><span class='second_image_holder has_hover_image'><img decoding=\"async\" itemprop=\"image\" src=\"https:\/\/zpng.com.br\/zapping\/wp-content\/uploads\/2018\/05\/DOJODEMKT11OK.png\" alt=\"carousel image\" \/><\/span><\/a><\/div><\/li><li class='item'><div class=\"carousel_item_holder\"><a itemprop='url' href='#' target='_self'><span class='first_image_holder has_hover_image'><img decoding=\"async\" itemprop=\"image\" src=\"https:\/\/zpng.com.br\/zapping\/wp-content\/uploads\/2018\/05\/EUDESENHO10OK-1.png\" alt=\"carousel image\" \/><\/span><span class='second_image_holder has_hover_image'><img decoding=\"async\" itemprop=\"image\" src=\"https:\/\/zpng.com.br\/zapping\/wp-content\/uploads\/2018\/05\/EUDESENHO10OK-1.png\" alt=\"carousel image\" \/><\/span><\/a><\/div><\/li><li class='item'><div class=\"carousel_item_holder\"><a itemprop='url' href='#' target='_self'><span class='first_image_holder has_hover_image'><img decoding=\"async\" itemprop=\"image\" src=\"https:\/\/zpng.com.br\/zapping\/wp-content\/uploads\/2018\/05\/HOWTODO12OK.png\" alt=\"carousel image\" \/><\/span><span class='second_image_holder has_hover_image'><img decoding=\"async\" itemprop=\"image\" src=\"https:\/\/zpng.com.br\/zapping\/wp-content\/uploads\/2018\/05\/HOWTODO12OK.png\" alt=\"carousel image\" \/><\/span><\/a><\/div><\/li><li class='item'><div class=\"carousel_item_holder\"><a itemprop='url' href='#' target='_self'><span class='first_image_holder has_hover_image'><img decoding=\"async\" itemprop=\"image\" src=\"https:\/\/zpng.com.br\/zapping\/wp-content\/uploads\/2018\/05\/EGRATITUDE13OK.png\" alt=\"carousel image\" \/><\/span><span class='second_image_holder has_hover_image'><img decoding=\"async\" itemprop=\"image\" src=\"https:\/\/zpng.com.br\/zapping\/wp-content\/uploads\/2018\/05\/EGRATITUDE13OK.png\" alt=\"carousel image\" \/><\/span><\/a><\/div><\/li><li class='item'><div class=\"carousel_item_holder\"><a itemprop='url' href='#' target='_self'><span class='first_image_holder has_hover_image'><img decoding=\"async\" itemprop=\"image\" src=\"https:\/\/zpng.com.br\/zapping\/wp-content\/uploads\/2018\/05\/COCACOLA14OK.png\" alt=\"carousel image\" \/><\/span><span class='second_image_holder has_hover_image'><img decoding=\"async\" itemprop=\"image\" src=\"https:\/\/zpng.com.br\/zapping\/wp-content\/uploads\/2018\/05\/COCACOLA14OK.png\" alt=\"carousel image\" \/><\/span><\/a><\/div><\/li><li class='item'><div class=\"carousel_item_holder\"><a itemprop='url' href='#' target='_self'><span class='first_image_holder has_hover_image'><img decoding=\"async\" itemprop=\"image\" src=\"https:\/\/zpng.com.br\/zapping\/wp-content\/uploads\/2018\/05\/PORTOSEGURO15OK.png\" alt=\"carousel image\" \/><\/span><span class='second_image_holder has_hover_image'><img decoding=\"async\" itemprop=\"image\" src=\"https:\/\/zpng.com.br\/zapping\/wp-content\/uploads\/2018\/05\/PORTOSEGURO15OK.png\" alt=\"carousel image\" \/><\/span><\/a><\/div><\/li><li class='item'><div class=\"carousel_item_holder\"><a itemprop='url' href='#' target='_self'><span class='first_image_holder has_hover_image'><img decoding=\"async\" itemprop=\"image\" src=\"https:\/\/zpng.com.br\/zapping\/wp-content\/uploads\/2018\/05\/CUPNOODLES16OK.png\" alt=\"carousel image\" \/><\/span><span class='second_image_holder has_hover_image'><img decoding=\"async\" itemprop=\"image\" src=\"https:\/\/zpng.com.br\/zapping\/wp-content\/uploads\/2018\/05\/CUPNOODLES16OK.png\" alt=\"carousel image\" \/><\/span><\/a><\/div><\/li><li class='item'><div class=\"carousel_item_holder\"><a itemprop='url' href='#' target='_self'><span class='first_image_holder has_hover_image'><img decoding=\"async\" itemprop=\"image\" src=\"https:\/\/zpng.com.br\/zapping\/wp-content\/uploads\/2019\/07\/ABSOLUTOK.png\" alt=\"carousel image\" \/><\/span><span class='second_image_holder has_hover_image'><img decoding=\"async\" itemprop=\"image\" src=\"https:\/\/zpng.com.br\/zapping\/wp-content\/uploads\/2019\/07\/ABSOLUTOK.png\" alt=\"carousel image\" \/><\/span><\/a><\/div><\/li><li class='item'><div class=\"carousel_item_holder\"><a itemprop='url' href='#' target='_self'><span class='first_image_holder has_hover_image'><img decoding=\"async\" itemprop=\"image\" src=\"https:\/\/zpng.com.br\/zapping\/wp-content\/uploads\/2019\/07\/DECOLAR_OK.png\" alt=\"carousel image\" \/><\/span><span class='second_image_holder has_hover_image'><img decoding=\"async\" itemprop=\"image\" src=\"https:\/\/zpng.com.br\/zapping\/wp-content\/uploads\/2019\/07\/DECOLAR_OK.png\" alt=\"carousel image\" \/><\/span><\/a><\/div><\/li><li class='item'><div class=\"carousel_item_holder\"><a itemprop='url' href='#' target='_self'><span class='first_image_holder has_hover_image'><img decoding=\"async\" itemprop=\"image\" src=\"https:\/\/zpng.com.br\/zapping\/wp-content\/uploads\/2019\/07\/LIFTGOLD_OK.png\" alt=\"carousel image\" \/><\/span><span class='second_image_holder has_hover_image'><img decoding=\"async\" itemprop=\"image\" src=\"https:\/\/zpng.com.br\/zapping\/wp-content\/uploads\/2019\/07\/LIFTGOLD_OK.png\" alt=\"carousel image\" \/><\/span><\/a><\/div><\/li><li class='item'><div class=\"carousel_item_holder\"><a itemprop='url' href='#' target='_self'><span class='first_image_holder has_hover_image'><img decoding=\"async\" itemprop=\"image\" src=\"https:\/\/zpng.com.br\/zapping\/wp-content\/uploads\/2019\/07\/PRUDENCE_OK.png\" alt=\"carousel image\" \/><\/span><span class='second_image_holder has_hover_image'><img decoding=\"async\" itemprop=\"image\" src=\"https:\/\/zpng.com.br\/zapping\/wp-content\/uploads\/2019\/07\/PRUDENCE_OK.png\" alt=\"carousel image\" \/><\/span><\/a><\/div><\/li><li class='item'><div class=\"carousel_item_holder\"><a itemprop='url' href='#' target='_self'><span class='first_image_holder has_hover_image'><img decoding=\"async\" itemprop=\"image\" src=\"https:\/\/zpng.com.br\/zapping\/wp-content\/uploads\/2019\/07\/ONEMORE_OK.png\" alt=\"carousel image\" \/><\/span><span class='second_image_holder has_hover_image'><img decoding=\"async\" itemprop=\"image\" src=\"https:\/\/zpng.com.br\/zapping\/wp-content\/uploads\/2019\/07\/ONEMORE_OK.png\" alt=\"carousel image\" \/><\/span><\/a><\/div><\/li><\/ul><\/div><\/div>[\/vc_column][\/vc_row]<\/p>\n<\/div>","protected":false},"excerpt":{"rendered":"<p>[vc_row css_animation=&#8221;&#8221; row_type=&#8221;row&#8221; use_row_as_full_screen_section=&#8221;no&#8221; type=&#8221;grid&#8221; angled_section=&#8221;no&#8221; text_align=&#8221;left&#8221; background_image_as_pattern=&#8221;without_pattern&#8221; css=&#8221;.vc_custom_1530044502780{padding-top: 0px !important;padding-bottom: 40px !important;}&#8221; z_index=&#8221;&#8221;][vc_column][vc_single_image image=&#8221;536&#8243; img_size=&#8221;full&#8221; alignment=&#8221;center&#8221; qode_css_animation=&#8221;&#8221; qode_hover_animation=&#8221;zoom_in&#8221;][vc_separator type=&#8221;transparent&#8221; thickness=&#8221;0&#8243; up=&#8221;37&#8243; down=&#8221;0&#8243;][vc_column_text]O Brasil \u00e9 o segundo maior mercado do mundo em termos de volume de impress\u00f5es mensais, com quase quase 9 milh\u00f5es de internautas,&#8230;<\/p>\n","protected":false},"author":1,"featured_media":0,"parent":0,"menu_order":0,"comment_status":"closed","ping_status":"closed","template":"full_width.php","meta":{"footnotes":""},"class_list":["post-529","page","type-page","status-publish","hentry"],"_links":{"self":[{"href":"https:\/\/zpng.com.br\/zapping\/wp-json\/wp\/v2\/pages\/529","targetHints":{"allow":["GET"]}}],"collection":[{"href":"https:\/\/zpng.com.br\/zapping\/wp-json\/wp\/v2\/pages"}],"about":[{"href":"https:\/\/zpng.com.br\/zapping\/wp-json\/wp\/v2\/types\/page"}],"author":[{"embeddable":true,"href":"https:\/\/zpng.com.br\/zapping\/wp-json\/wp\/v2\/users\/1"}],"replies":[{"embeddable":true,"href":"https:\/\/zpng.com.br\/zapping\/wp-json\/wp\/v2\/comments?post=529"}],"version-history":[{"count":8,"href":"https:\/\/zpng.com.br\/zapping\/wp-json\/wp\/v2\/pages\/529\/revisions"}],"predecessor-version":[{"id":601,"href":"https:\/\/zpng.com.br\/zapping\/wp-json\/wp\/v2\/pages\/529\/revisions\/601"}],"wp:attachment":[{"href":"https:\/\/zpng.com.br\/zapping\/wp-json\/wp\/v2\/media?parent=529"}],"curies":[{"name":"wp","href":"https:\/\/api.w.org\/{rel}","templated":true}]}}