{"id":523,"date":"2018-06-26T17:12:06","date_gmt":"2018-06-26T20:12:06","guid":{"rendered":"https:\/\/zpng.com.br\/zapping\/?page_id=523"},"modified":"2019-11-04T09:55:29","modified_gmt":"2019-11-04T12:55:29","slug":"premio-jovem-brasileiro","status":"publish","type":"page","link":"https:\/\/zpng.com.br\/zapping\/premio-jovem-brasileiro\/","title":{"rendered":"Pr\u00eamio Jovem Brasileiro"},"content":{"rendered":"<div class=\"wpb-content-wrapper\"><p>[vc_row css_animation=&#8221;&#8221; row_type=&#8221;row&#8221; use_row_as_full_screen_section=&#8221;no&#8221; type=&#8221;grid&#8221; angled_section=&#8221;no&#8221; text_align=&#8221;left&#8221; background_image_as_pattern=&#8221;without_pattern&#8221; css=&#8221;.vc_custom_1530044502780{padding-top: 0px !important;padding-bottom: 40px !important;}&#8221; z_index=&#8221;&#8221;][vc_column][vc_video link=&#8221;https:\/\/vimeo.com\/326683189\/a5375e25ca&#8221; align=&#8221;center&#8221;][vc_separator type=&#8221;transparent&#8221; thickness=&#8221;0&#8243; up=&#8221;37&#8243; down=&#8221;0&#8243;][vc_column_text]O <strong>Pr\u00eamio Jovem Brasileiro (PJB)<\/strong> teve sua primeira edi\u00e7\u00e3o no ano de 2002 em comemora\u00e7\u00e3o ao Dia do Jovem (13\/04), Dia Internacional do Jovem Trabalhador (24\/04), Dia Mundial da Juventude (12\/08) e Dia da Juventude do Brasil (22\/09).<\/p>\n<p>&nbsp;<\/p>\n<p>A cada ano, a premia\u00e7\u00e3o ganha mais notoriedade e mostra a for\u00e7a dos jovens para a constru\u00e7\u00e3o e desenvolvimento do nosso pa\u00eds, colaborando para a valoriza\u00e7\u00e3o da cultura, meio ambiente, artes e diversos segmentos da gera\u00e7\u00e3o jovem.<\/p>\n<p>&nbsp;<\/p>\n<p>O <strong>PJB<\/strong> foi idealizado pelo jovem empres\u00e1rio Guto Melo diretor da <strong>Zapping &#8211; Consultoria em experi\u00eancias presenciais<\/strong>\u00a0e do Instituto Sou+Jovem. Em 14 anos de hist\u00f3ria, mais de 500 jovens brasileiros j\u00e1 receberam o trof\u00e9u. O objetivo do PJB, al\u00e9m de premiar os jovens, \u00e9 mostrar para outros milh\u00f5es de jovens, uma oportunidade para impulsionar suas habilidades e novas conquistas.[\/vc_column_text][vc_separator type=&#8221;transparent&#8221; thickness=&#8221;0&#8243; up=&#8221;37&#8243; down=&#8221;0&#8243;]<a  itemprop=\"url\" href=\"http:\/\/www.premiojovem.com.br\" target=\"_blank\"  class=\"qbutton  default\" style=\"\">Acesse o Pr\u00eamio Jovem Brasileiro<\/a>[\/vc_column][\/vc_row][vc_row css_animation=&#8221;&#8221; row_type=&#8221;row&#8221; use_row_as_full_screen_section=&#8221;no&#8221; type=&#8221;grid&#8221; angled_section=&#8221;no&#8221; text_align=&#8221;left&#8221; background_image_as_pattern=&#8221;without_pattern&#8221; css=&#8221;.vc_custom_1527874557581{padding-top: 0px !important;padding-bottom: 80px !important;}&#8221; z_index=&#8221;&#8221;][vc_column offset=&#8221;vc_col-lg-4 vc_col-md-4 vc_col-xs-12&#8243;][vc_separator type=&#8221;transparent&#8221; thickness=&#8221;0&#8243; up=&#8221;25&#8243; down=&#8221;0&#8243;][\/vc_column][vc_column offset=&#8221;vc_col-lg-4 vc_col-md-4 vc_col-xs-12&#8243;][vc_separator type=&#8221;transparent&#8221; thickness=&#8221;0&#8243; up=&#8221;25&#8243; down=&#8221;0&#8243;][\/vc_column][vc_column offset=&#8221;vc_col-lg-4 vc_col-md-4 vc_col-xs-12&#8243;][vc_separator type=&#8221;transparent&#8221; thickness=&#8221;0&#8243; up=&#8221;25&#8243; down=&#8221;0&#8243;][\/vc_column][\/vc_row][vc_row css_animation=&#8221;&#8221; row_type=&#8221;row&#8221; use_row_as_full_screen_section=&#8221;no&#8221; type=&#8221;full_width&#8221; angled_section=&#8221;no&#8221; text_align=&#8221;left&#8221; background_image_as_pattern=&#8221;without_pattern&#8221; background_color=&#8221;#00a8ff&#8221; css=&#8221;.vc_custom_1455880138244{padding-top: 62px !important;padding-bottom: 62px !important;}&#8221;][vc_column]<div class='qode_carousels_holder clearfix'><div class='qode_carousels' data-number-of-visible-items=''><ul class='slides'><li class='item'><div class=\"carousel_item_holder\"><span class='first_image_holder has_hover_image'><img decoding=\"async\" itemprop=\"image\" src=\"https:\/\/zpng.com.br\/zapping\/wp-content\/uploads\/2018\/05\/OLLA1OK.png\" alt=\"carousel image\" \/><\/span><span class='second_image_holder has_hover_image'><img decoding=\"async\" itemprop=\"image\" src=\"https:\/\/zpng.com.br\/zapping\/wp-content\/uploads\/2018\/05\/OLLA1OK.png\" alt=\"carousel image\" \/><\/span><\/div><\/li><li class='item'><div class=\"carousel_item_holder\"><a itemprop='url' href='#' target='_self'><span class='first_image_holder has_hover_image'><img decoding=\"async\" itemprop=\"image\" src=\"https:\/\/zpng.com.br\/zapping\/wp-content\/uploads\/2018\/05\/FINI2OK.png\" alt=\"carousel image\" \/><\/span><span class='second_image_holder has_hover_image'><img decoding=\"async\" itemprop=\"image\" src=\"https:\/\/zpng.com.br\/zapping\/wp-content\/uploads\/2018\/05\/FINI2OK.png\" alt=\"carousel image\" \/><\/span><\/a><\/div><\/li><li class='item'><div class=\"carousel_item_holder\"><a itemprop='url' href='#' target='_self'><span class='first_image_holder has_hover_image'><img decoding=\"async\" itemprop=\"image\" src=\"https:\/\/zpng.com.br\/zapping\/wp-content\/uploads\/2018\/05\/FORD3OK.png\" alt=\"carousel image\" \/><\/span><span class='second_image_holder has_hover_image'><img decoding=\"async\" itemprop=\"image\" src=\"https:\/\/zpng.com.br\/zapping\/wp-content\/uploads\/2018\/05\/FORD3OK.png\" alt=\"carousel image\" \/><\/span><\/a><\/div><\/li><li class='item'><div class=\"carousel_item_holder\"><a itemprop='url' href='#' target='_self'><span class='first_image_holder has_hover_image'><img decoding=\"async\" itemprop=\"image\" src=\"https:\/\/zpng.com.br\/zapping\/wp-content\/uploads\/2018\/05\/CATHO4OK-1.png\" alt=\"carousel image\" \/><\/span><span class='second_image_holder has_hover_image'><img decoding=\"async\" itemprop=\"image\" src=\"https:\/\/zpng.com.br\/zapping\/wp-content\/uploads\/2018\/05\/CATHO4OK-1.png\" alt=\"carousel image\" \/><\/span><\/a><\/div><\/li><li class='item'><div class=\"carousel_item_holder\"><a itemprop='url' href='#' target='_self'><span class='first_image_holder has_hover_image'><img decoding=\"async\" itemprop=\"image\" src=\"https:\/\/zpng.com.br\/zapping\/wp-content\/uploads\/2018\/05\/KIDZANIA5OK.png\" alt=\"carousel image\" \/><\/span><span class='second_image_holder has_hover_image'><img decoding=\"async\" itemprop=\"image\" src=\"https:\/\/zpng.com.br\/zapping\/wp-content\/uploads\/2018\/05\/KIDZANIA5OK.png\" alt=\"carousel image\" \/><\/span><\/a><\/div><\/li><li class='item'><div class=\"carousel_item_holder\"><a itemprop='url' href='#' target='_self'><span class='first_image_holder has_hover_image'><img decoding=\"async\" itemprop=\"image\" src=\"https:\/\/zpng.com.br\/zapping\/wp-content\/uploads\/2018\/05\/CAMAROTE_BRAHMA6OK.png\" alt=\"carousel image\" \/><\/span><span class='second_image_holder has_hover_image'><img decoding=\"async\" itemprop=\"image\" src=\"https:\/\/zpng.com.br\/zapping\/wp-content\/uploads\/2018\/05\/CAMAROTE_BRAHMA6OK.png\" alt=\"carousel image\" \/><\/span><\/a><\/div><\/li><li class='item'><div class=\"carousel_item_holder\"><a itemprop='url' href='#' target='_self'><span class='first_image_holder has_hover_image'><img decoding=\"async\" itemprop=\"image\" src=\"https:\/\/zpng.com.br\/zapping\/wp-content\/uploads\/2018\/05\/IFL7OK.png\" alt=\"carousel image\" \/><\/span><span class='second_image_holder has_hover_image'><img decoding=\"async\" itemprop=\"image\" src=\"https:\/\/zpng.com.br\/zapping\/wp-content\/uploads\/2018\/05\/IFL7OK.png\" alt=\"carousel image\" \/><\/span><\/a><\/div><\/li><li class='item'><div class=\"carousel_item_holder\"><a itemprop='url' href='#' target='_self'><span class='first_image_holder has_hover_image'><img decoding=\"async\" itemprop=\"image\" src=\"https:\/\/zpng.com.br\/zapping\/wp-content\/uploads\/2018\/05\/EDUZZ8OK.png\" alt=\"carousel image\" \/><\/span><span class='second_image_holder has_hover_image'><img decoding=\"async\" itemprop=\"image\" src=\"https:\/\/zpng.com.br\/zapping\/wp-content\/uploads\/2018\/05\/EDUZZ8OK.png\" alt=\"carousel image\" \/><\/span><\/a><\/div><\/li><li class='item'><div class=\"carousel_item_holder\"><a itemprop='url' href='#' target='_self'><span class='first_image_holder has_hover_image'><img decoding=\"async\" itemprop=\"image\" src=\"https:\/\/zpng.com.br\/zapping\/wp-content\/uploads\/2018\/05\/MUA9OK.png\" alt=\"carousel image\" \/><\/span><span class='second_image_holder has_hover_image'><img decoding=\"async\" itemprop=\"image\" src=\"https:\/\/zpng.com.br\/zapping\/wp-content\/uploads\/2018\/05\/MUA9OK.png\" alt=\"carousel image\" \/><\/span><\/a><\/div><\/li><li class='item'><div class=\"carousel_item_holder\"><a itemprop='url' href='#' target='_self'><span class='first_image_holder has_hover_image'><img decoding=\"async\" itemprop=\"image\" src=\"https:\/\/zpng.com.br\/zapping\/wp-content\/uploads\/2018\/05\/DOJODEMKT11OK.png\" alt=\"carousel image\" \/><\/span><span class='second_image_holder has_hover_image'><img decoding=\"async\" itemprop=\"image\" src=\"https:\/\/zpng.com.br\/zapping\/wp-content\/uploads\/2018\/05\/DOJODEMKT11OK.png\" alt=\"carousel image\" \/><\/span><\/a><\/div><\/li><li class='item'><div class=\"carousel_item_holder\"><a itemprop='url' href='#' target='_self'><span class='first_image_holder has_hover_image'><img decoding=\"async\" itemprop=\"image\" src=\"https:\/\/zpng.com.br\/zapping\/wp-content\/uploads\/2018\/05\/EUDESENHO10OK-1.png\" alt=\"carousel image\" \/><\/span><span class='second_image_holder has_hover_image'><img decoding=\"async\" itemprop=\"image\" src=\"https:\/\/zpng.com.br\/zapping\/wp-content\/uploads\/2018\/05\/EUDESENHO10OK-1.png\" alt=\"carousel image\" \/><\/span><\/a><\/div><\/li><li class='item'><div class=\"carousel_item_holder\"><a itemprop='url' href='#' target='_self'><span class='first_image_holder has_hover_image'><img decoding=\"async\" itemprop=\"image\" src=\"https:\/\/zpng.com.br\/zapping\/wp-content\/uploads\/2018\/05\/HOWTODO12OK.png\" alt=\"carousel image\" \/><\/span><span class='second_image_holder has_hover_image'><img decoding=\"async\" itemprop=\"image\" src=\"https:\/\/zpng.com.br\/zapping\/wp-content\/uploads\/2018\/05\/HOWTODO12OK.png\" alt=\"carousel image\" \/><\/span><\/a><\/div><\/li><li class='item'><div class=\"carousel_item_holder\"><a itemprop='url' href='#' target='_self'><span class='first_image_holder has_hover_image'><img decoding=\"async\" itemprop=\"image\" src=\"https:\/\/zpng.com.br\/zapping\/wp-content\/uploads\/2018\/05\/EGRATITUDE13OK.png\" alt=\"carousel image\" \/><\/span><span class='second_image_holder has_hover_image'><img decoding=\"async\" itemprop=\"image\" src=\"https:\/\/zpng.com.br\/zapping\/wp-content\/uploads\/2018\/05\/EGRATITUDE13OK.png\" alt=\"carousel image\" \/><\/span><\/a><\/div><\/li><li class='item'><div class=\"carousel_item_holder\"><a itemprop='url' href='#' target='_self'><span class='first_image_holder has_hover_image'><img decoding=\"async\" itemprop=\"image\" src=\"https:\/\/zpng.com.br\/zapping\/wp-content\/uploads\/2018\/05\/COCACOLA14OK.png\" alt=\"carousel image\" \/><\/span><span class='second_image_holder has_hover_image'><img decoding=\"async\" itemprop=\"image\" src=\"https:\/\/zpng.com.br\/zapping\/wp-content\/uploads\/2018\/05\/COCACOLA14OK.png\" alt=\"carousel image\" \/><\/span><\/a><\/div><\/li><li class='item'><div class=\"carousel_item_holder\"><a itemprop='url' href='#' target='_self'><span class='first_image_holder has_hover_image'><img decoding=\"async\" itemprop=\"image\" src=\"https:\/\/zpng.com.br\/zapping\/wp-content\/uploads\/2018\/05\/PORTOSEGURO15OK.png\" alt=\"carousel image\" \/><\/span><span class='second_image_holder has_hover_image'><img decoding=\"async\" itemprop=\"image\" src=\"https:\/\/zpng.com.br\/zapping\/wp-content\/uploads\/2018\/05\/PORTOSEGURO15OK.png\" alt=\"carousel image\" \/><\/span><\/a><\/div><\/li><li class='item'><div class=\"carousel_item_holder\"><a itemprop='url' href='#' target='_self'><span class='first_image_holder has_hover_image'><img decoding=\"async\" itemprop=\"image\" src=\"https:\/\/zpng.com.br\/zapping\/wp-content\/uploads\/2018\/05\/CUPNOODLES16OK.png\" alt=\"carousel image\" \/><\/span><span class='second_image_holder has_hover_image'><img decoding=\"async\" itemprop=\"image\" src=\"https:\/\/zpng.com.br\/zapping\/wp-content\/uploads\/2018\/05\/CUPNOODLES16OK.png\" alt=\"carousel image\" \/><\/span><\/a><\/div><\/li><li class='item'><div class=\"carousel_item_holder\"><a itemprop='url' href='#' target='_self'><span class='first_image_holder has_hover_image'><img decoding=\"async\" itemprop=\"image\" src=\"https:\/\/zpng.com.br\/zapping\/wp-content\/uploads\/2019\/07\/ABSOLUTOK.png\" alt=\"carousel image\" \/><\/span><span class='second_image_holder has_hover_image'><img decoding=\"async\" itemprop=\"image\" src=\"https:\/\/zpng.com.br\/zapping\/wp-content\/uploads\/2019\/07\/ABSOLUTOK.png\" alt=\"carousel image\" \/><\/span><\/a><\/div><\/li><li class='item'><div class=\"carousel_item_holder\"><a itemprop='url' href='#' target='_self'><span class='first_image_holder has_hover_image'><img decoding=\"async\" itemprop=\"image\" src=\"https:\/\/zpng.com.br\/zapping\/wp-content\/uploads\/2019\/07\/DECOLAR_OK.png\" alt=\"carousel image\" \/><\/span><span class='second_image_holder has_hover_image'><img decoding=\"async\" itemprop=\"image\" src=\"https:\/\/zpng.com.br\/zapping\/wp-content\/uploads\/2019\/07\/DECOLAR_OK.png\" alt=\"carousel image\" \/><\/span><\/a><\/div><\/li><li class='item'><div class=\"carousel_item_holder\"><a itemprop='url' href='#' target='_self'><span class='first_image_holder has_hover_image'><img decoding=\"async\" itemprop=\"image\" src=\"https:\/\/zpng.com.br\/zapping\/wp-content\/uploads\/2019\/07\/LIFTGOLD_OK.png\" alt=\"carousel image\" \/><\/span><span class='second_image_holder has_hover_image'><img decoding=\"async\" itemprop=\"image\" src=\"https:\/\/zpng.com.br\/zapping\/wp-content\/uploads\/2019\/07\/LIFTGOLD_OK.png\" alt=\"carousel image\" \/><\/span><\/a><\/div><\/li><li class='item'><div class=\"carousel_item_holder\"><a itemprop='url' href='#' target='_self'><span class='first_image_holder has_hover_image'><img decoding=\"async\" itemprop=\"image\" src=\"https:\/\/zpng.com.br\/zapping\/wp-content\/uploads\/2019\/07\/PRUDENCE_OK.png\" alt=\"carousel image\" \/><\/span><span class='second_image_holder has_hover_image'><img decoding=\"async\" itemprop=\"image\" src=\"https:\/\/zpng.com.br\/zapping\/wp-content\/uploads\/2019\/07\/PRUDENCE_OK.png\" alt=\"carousel image\" \/><\/span><\/a><\/div><\/li><li class='item'><div class=\"carousel_item_holder\"><a itemprop='url' href='#' target='_self'><span class='first_image_holder has_hover_image'><img decoding=\"async\" itemprop=\"image\" src=\"https:\/\/zpng.com.br\/zapping\/wp-content\/uploads\/2019\/07\/ONEMORE_OK.png\" alt=\"carousel image\" \/><\/span><span class='second_image_holder has_hover_image'><img decoding=\"async\" itemprop=\"image\" src=\"https:\/\/zpng.com.br\/zapping\/wp-content\/uploads\/2019\/07\/ONEMORE_OK.png\" alt=\"carousel image\" \/><\/span><\/a><\/div><\/li><\/ul><\/div><\/div>[\/vc_column][\/vc_row]<\/p>\n<\/div>","protected":false},"excerpt":{"rendered":"<p>[vc_row css_animation=&#8221;&#8221; row_type=&#8221;row&#8221; use_row_as_full_screen_section=&#8221;no&#8221; type=&#8221;grid&#8221; angled_section=&#8221;no&#8221; text_align=&#8221;left&#8221; background_image_as_pattern=&#8221;without_pattern&#8221; css=&#8221;.vc_custom_1530044502780{padding-top: 0px !important;padding-bottom: 40px !important;}&#8221; z_index=&#8221;&#8221;][vc_column][vc_video link=&#8221;https:\/\/vimeo.com\/326683189\/a5375e25ca&#8221; align=&#8221;center&#8221;][vc_separator type=&#8221;transparent&#8221; thickness=&#8221;0&#8243; up=&#8221;37&#8243; down=&#8221;0&#8243;][vc_column_text]O Pr\u00eamio Jovem Brasileiro (PJB) teve sua primeira edi\u00e7\u00e3o no ano de 2002 em comemora\u00e7\u00e3o ao Dia do Jovem (13\/04), Dia Internacional do Jovem Trabalhador (24\/04),&#8230;<\/p>\n","protected":false},"author":1,"featured_media":0,"parent":0,"menu_order":0,"comment_status":"closed","ping_status":"closed","template":"full_width.php","meta":{"footnotes":""},"class_list":["post-523","page","type-page","status-publish","hentry"],"_links":{"self":[{"href":"https:\/\/zpng.com.br\/zapping\/wp-json\/wp\/v2\/pages\/523","targetHints":{"allow":["GET"]}}],"collection":[{"href":"https:\/\/zpng.com.br\/zapping\/wp-json\/wp\/v2\/pages"}],"about":[{"href":"https:\/\/zpng.com.br\/zapping\/wp-json\/wp\/v2\/types\/page"}],"author":[{"embeddable":true,"href":"https:\/\/zpng.com.br\/zapping\/wp-json\/wp\/v2\/users\/1"}],"replies":[{"embeddable":true,"href":"https:\/\/zpng.com.br\/zapping\/wp-json\/wp\/v2\/comments?post=523"}],"version-history":[{"count":10,"href":"https:\/\/zpng.com.br\/zapping\/wp-json\/wp\/v2\/pages\/523\/revisions"}],"predecessor-version":[{"id":600,"href":"https:\/\/zpng.com.br\/zapping\/wp-json\/wp\/v2\/pages\/523\/revisions\/600"}],"wp:attachment":[{"href":"https:\/\/zpng.com.br\/zapping\/wp-json\/wp\/v2\/media?parent=523"}],"curies":[{"name":"wp","href":"https:\/\/api.w.org\/{rel}","templated":true}]}}