{"id":129,"date":"2016-02-24T09:12:31","date_gmt":"2016-02-24T09:12:31","guid":{"rendered":"http:\/\/bridge6.qodeinteractive.com\/?page_id=129"},"modified":"2019-11-04T09:49:40","modified_gmt":"2019-11-04T12:49:40","slug":"historico","status":"publish","type":"page","link":"https:\/\/zpng.com.br\/zapping\/historico\/","title":{"rendered":"Quem Somos"},"content":{"rendered":"<div class=\"wpb-content-wrapper\"><p>[vc_row css_animation=&#8221;&#8221; row_type=&#8221;row&#8221; use_row_as_full_screen_section=&#8221;no&#8221; type=&#8221;grid&#8221; angled_section=&#8221;no&#8221; text_align=&#8221;left&#8221; background_image_as_pattern=&#8221;without_pattern&#8221; css=&#8221;.vc_custom_1527874481063{padding-top: 0px !important;padding-bottom: 40px !important;}&#8221; z_index=&#8221;&#8221;][vc_column][vc_column_text]A Zapping \u00e9 uma Consultoria em experi\u00eancias presenciais, que desde 2000 trabalha com produ\u00e7\u00e3o de eventos, cria\u00e7\u00e3o, fotografia e planejamento para estrat\u00e9gias de marca, dando vida a comunica\u00e7\u00e3o de maneira inteligente, aproximando marcas e pessoas atrav\u00e9s das a\u00e7\u00f5es que geram resultados.<\/p>\n<p>&nbsp;<\/p>\n<p><strong>Demos vida a mais de 200 eventos<\/strong> com foco na experi\u00eancia do p\u00fablico, onde utilizamos nosso esp\u00edrito ousado, jovem e criativo para ajudar a contar, construir e transformar as hist\u00f3rias de nossos clientes, mostrando ao mundo seus verdadeiros diferenciais.<\/p>\n<p>&nbsp;<\/p>\n<p>Acreditamos que experi\u00eancias geral engajamento que levam a resultados extraordin\u00e1rios.<\/p>\n<p>&nbsp;<\/p>\n<p><span style=\"font-size: 18pt;\"><strong>Mais do que eventos, n\u00f3s conectamos pessoas, empresas e marcas.\u00a0<\/strong><\/span>[\/vc_column_text][\/vc_column][\/vc_row][vc_row css_animation=&#8221;&#8221; row_type=&#8221;row&#8221; use_row_as_full_screen_section=&#8221;no&#8221; type=&#8221;grid&#8221; angled_section=&#8221;no&#8221; text_align=&#8221;left&#8221; background_image_as_pattern=&#8221;without_pattern&#8221; css=&#8221;.vc_custom_1527874557581{padding-top: 0px !important;padding-bottom: 80px !important;}&#8221; z_index=&#8221;&#8221;][vc_column offset=&#8221;vc_col-lg-4 vc_col-md-4 vc_col-xs-12&#8243;][vc_separator type=&#8221;transparent&#8221; thickness=&#8221;0&#8243; up=&#8221;37&#8243; down=&#8221;0&#8243;][vc_separator type=&#8221;transparent&#8221; thickness=&#8221;0&#8243; up=&#8221;25&#8243; down=&#8221;0&#8243;][\/vc_column][vc_column offset=&#8221;vc_col-lg-4 vc_col-md-4 vc_col-xs-12&#8243;][vc_separator type=&#8221;transparent&#8221; thickness=&#8221;0&#8243; up=&#8221;37&#8243; down=&#8221;0&#8243;][vc_separator type=&#8221;transparent&#8221; thickness=&#8221;0&#8243; up=&#8221;25&#8243; down=&#8221;0&#8243;][\/vc_column][vc_column offset=&#8221;vc_col-lg-4 vc_col-md-4 vc_col-xs-12&#8243;][vc_separator type=&#8221;transparent&#8221; thickness=&#8221;0&#8243; up=&#8221;37&#8243; down=&#8221;0&#8243;][vc_separator type=&#8221;transparent&#8221; thickness=&#8221;0&#8243; up=&#8221;25&#8243; down=&#8221;0&#8243;][\/vc_column][\/vc_row][vc_row css_animation=&#8221;&#8221; row_type=&#8221;row&#8221; use_row_as_full_screen_section=&#8221;no&#8221; type=&#8221;full_width&#8221; angled_section=&#8221;no&#8221; text_align=&#8221;left&#8221; background_image_as_pattern=&#8221;without_pattern&#8221; background_color=&#8221;#00a8ff&#8221; css=&#8221;.vc_custom_1455880138244{padding-top: 62px !important;padding-bottom: 62px !important;}&#8221;][vc_column]<div class='qode_carousels_holder clearfix'><div class='qode_carousels' data-number-of-visible-items=''><ul class='slides'><li class='item'><div class=\"carousel_item_holder\"><span class='first_image_holder has_hover_image'><img decoding=\"async\" itemprop=\"image\" src=\"https:\/\/zpng.com.br\/zapping\/wp-content\/uploads\/2018\/05\/OLLA1OK.png\" alt=\"carousel image\" \/><\/span><span class='second_image_holder has_hover_image'><img decoding=\"async\" itemprop=\"image\" src=\"https:\/\/zpng.com.br\/zapping\/wp-content\/uploads\/2018\/05\/OLLA1OK.png\" alt=\"carousel image\" \/><\/span><\/div><\/li><li class='item'><div class=\"carousel_item_holder\"><a itemprop='url' href='#' target='_self'><span class='first_image_holder has_hover_image'><img decoding=\"async\" itemprop=\"image\" src=\"https:\/\/zpng.com.br\/zapping\/wp-content\/uploads\/2018\/05\/FINI2OK.png\" alt=\"carousel image\" \/><\/span><span class='second_image_holder has_hover_image'><img decoding=\"async\" itemprop=\"image\" src=\"https:\/\/zpng.com.br\/zapping\/wp-content\/uploads\/2018\/05\/FINI2OK.png\" alt=\"carousel image\" \/><\/span><\/a><\/div><\/li><li class='item'><div class=\"carousel_item_holder\"><a itemprop='url' href='#' target='_self'><span class='first_image_holder has_hover_image'><img decoding=\"async\" itemprop=\"image\" src=\"https:\/\/zpng.com.br\/zapping\/wp-content\/uploads\/2018\/05\/FORD3OK.png\" alt=\"carousel image\" \/><\/span><span class='second_image_holder has_hover_image'><img decoding=\"async\" itemprop=\"image\" src=\"https:\/\/zpng.com.br\/zapping\/wp-content\/uploads\/2018\/05\/FORD3OK.png\" alt=\"carousel image\" \/><\/span><\/a><\/div><\/li><li class='item'><div class=\"carousel_item_holder\"><a itemprop='url' href='#' target='_self'><span class='first_image_holder has_hover_image'><img decoding=\"async\" itemprop=\"image\" src=\"https:\/\/zpng.com.br\/zapping\/wp-content\/uploads\/2018\/05\/CATHO4OK-1.png\" alt=\"carousel image\" \/><\/span><span class='second_image_holder has_hover_image'><img decoding=\"async\" itemprop=\"image\" src=\"https:\/\/zpng.com.br\/zapping\/wp-content\/uploads\/2018\/05\/CATHO4OK-1.png\" alt=\"carousel image\" \/><\/span><\/a><\/div><\/li><li class='item'><div class=\"carousel_item_holder\"><a itemprop='url' href='#' target='_self'><span class='first_image_holder has_hover_image'><img decoding=\"async\" itemprop=\"image\" src=\"https:\/\/zpng.com.br\/zapping\/wp-content\/uploads\/2018\/05\/KIDZANIA5OK.png\" alt=\"carousel image\" \/><\/span><span class='second_image_holder has_hover_image'><img decoding=\"async\" itemprop=\"image\" src=\"https:\/\/zpng.com.br\/zapping\/wp-content\/uploads\/2018\/05\/KIDZANIA5OK.png\" alt=\"carousel image\" \/><\/span><\/a><\/div><\/li><li class='item'><div class=\"carousel_item_holder\"><a itemprop='url' href='#' target='_self'><span class='first_image_holder has_hover_image'><img decoding=\"async\" itemprop=\"image\" src=\"https:\/\/zpng.com.br\/zapping\/wp-content\/uploads\/2018\/05\/CAMAROTE_BRAHMA6OK.png\" alt=\"carousel image\" \/><\/span><span class='second_image_holder has_hover_image'><img decoding=\"async\" itemprop=\"image\" src=\"https:\/\/zpng.com.br\/zapping\/wp-content\/uploads\/2018\/05\/CAMAROTE_BRAHMA6OK.png\" alt=\"carousel image\" \/><\/span><\/a><\/div><\/li><li class='item'><div class=\"carousel_item_holder\"><a itemprop='url' href='#' target='_self'><span class='first_image_holder has_hover_image'><img decoding=\"async\" itemprop=\"image\" src=\"https:\/\/zpng.com.br\/zapping\/wp-content\/uploads\/2018\/05\/IFL7OK.png\" alt=\"carousel image\" \/><\/span><span class='second_image_holder has_hover_image'><img decoding=\"async\" itemprop=\"image\" src=\"https:\/\/zpng.com.br\/zapping\/wp-content\/uploads\/2018\/05\/IFL7OK.png\" alt=\"carousel image\" \/><\/span><\/a><\/div><\/li><li class='item'><div class=\"carousel_item_holder\"><a itemprop='url' href='#' target='_self'><span class='first_image_holder has_hover_image'><img decoding=\"async\" itemprop=\"image\" src=\"https:\/\/zpng.com.br\/zapping\/wp-content\/uploads\/2018\/05\/EDUZZ8OK.png\" alt=\"carousel image\" \/><\/span><span class='second_image_holder has_hover_image'><img decoding=\"async\" itemprop=\"image\" src=\"https:\/\/zpng.com.br\/zapping\/wp-content\/uploads\/2018\/05\/EDUZZ8OK.png\" alt=\"carousel image\" \/><\/span><\/a><\/div><\/li><li class='item'><div class=\"carousel_item_holder\"><a itemprop='url' href='#' target='_self'><span class='first_image_holder has_hover_image'><img decoding=\"async\" itemprop=\"image\" src=\"https:\/\/zpng.com.br\/zapping\/wp-content\/uploads\/2018\/05\/MUA9OK.png\" alt=\"carousel image\" \/><\/span><span class='second_image_holder has_hover_image'><img decoding=\"async\" itemprop=\"image\" src=\"https:\/\/zpng.com.br\/zapping\/wp-content\/uploads\/2018\/05\/MUA9OK.png\" alt=\"carousel image\" \/><\/span><\/a><\/div><\/li><li class='item'><div class=\"carousel_item_holder\"><a itemprop='url' href='#' target='_self'><span class='first_image_holder has_hover_image'><img decoding=\"async\" itemprop=\"image\" src=\"https:\/\/zpng.com.br\/zapping\/wp-content\/uploads\/2018\/05\/DOJODEMKT11OK.png\" alt=\"carousel image\" \/><\/span><span class='second_image_holder has_hover_image'><img decoding=\"async\" itemprop=\"image\" src=\"https:\/\/zpng.com.br\/zapping\/wp-content\/uploads\/2018\/05\/DOJODEMKT11OK.png\" alt=\"carousel image\" \/><\/span><\/a><\/div><\/li><li class='item'><div class=\"carousel_item_holder\"><a itemprop='url' href='#' target='_self'><span class='first_image_holder has_hover_image'><img decoding=\"async\" itemprop=\"image\" src=\"https:\/\/zpng.com.br\/zapping\/wp-content\/uploads\/2018\/05\/EUDESENHO10OK-1.png\" alt=\"carousel image\" \/><\/span><span class='second_image_holder has_hover_image'><img decoding=\"async\" itemprop=\"image\" src=\"https:\/\/zpng.com.br\/zapping\/wp-content\/uploads\/2018\/05\/EUDESENHO10OK-1.png\" alt=\"carousel image\" \/><\/span><\/a><\/div><\/li><li class='item'><div class=\"carousel_item_holder\"><a itemprop='url' href='#' target='_self'><span class='first_image_holder has_hover_image'><img decoding=\"async\" itemprop=\"image\" src=\"https:\/\/zpng.com.br\/zapping\/wp-content\/uploads\/2018\/05\/HOWTODO12OK.png\" alt=\"carousel image\" \/><\/span><span class='second_image_holder has_hover_image'><img decoding=\"async\" itemprop=\"image\" src=\"https:\/\/zpng.com.br\/zapping\/wp-content\/uploads\/2018\/05\/HOWTODO12OK.png\" alt=\"carousel image\" \/><\/span><\/a><\/div><\/li><li class='item'><div class=\"carousel_item_holder\"><a itemprop='url' href='#' target='_self'><span class='first_image_holder has_hover_image'><img decoding=\"async\" itemprop=\"image\" src=\"https:\/\/zpng.com.br\/zapping\/wp-content\/uploads\/2018\/05\/EGRATITUDE13OK.png\" alt=\"carousel image\" \/><\/span><span class='second_image_holder has_hover_image'><img decoding=\"async\" itemprop=\"image\" src=\"https:\/\/zpng.com.br\/zapping\/wp-content\/uploads\/2018\/05\/EGRATITUDE13OK.png\" alt=\"carousel image\" \/><\/span><\/a><\/div><\/li><li class='item'><div class=\"carousel_item_holder\"><a itemprop='url' href='#' target='_self'><span class='first_image_holder has_hover_image'><img decoding=\"async\" itemprop=\"image\" src=\"https:\/\/zpng.com.br\/zapping\/wp-content\/uploads\/2018\/05\/COCACOLA14OK.png\" alt=\"carousel image\" \/><\/span><span class='second_image_holder has_hover_image'><img decoding=\"async\" itemprop=\"image\" src=\"https:\/\/zpng.com.br\/zapping\/wp-content\/uploads\/2018\/05\/COCACOLA14OK.png\" alt=\"carousel image\" \/><\/span><\/a><\/div><\/li><li class='item'><div class=\"carousel_item_holder\"><a itemprop='url' href='#' target='_self'><span class='first_image_holder has_hover_image'><img decoding=\"async\" itemprop=\"image\" src=\"https:\/\/zpng.com.br\/zapping\/wp-content\/uploads\/2018\/05\/PORTOSEGURO15OK.png\" alt=\"carousel image\" \/><\/span><span class='second_image_holder has_hover_image'><img decoding=\"async\" itemprop=\"image\" src=\"https:\/\/zpng.com.br\/zapping\/wp-content\/uploads\/2018\/05\/PORTOSEGURO15OK.png\" alt=\"carousel image\" \/><\/span><\/a><\/div><\/li><li class='item'><div class=\"carousel_item_holder\"><a itemprop='url' href='#' target='_self'><span class='first_image_holder has_hover_image'><img decoding=\"async\" itemprop=\"image\" src=\"https:\/\/zpng.com.br\/zapping\/wp-content\/uploads\/2018\/05\/CUPNOODLES16OK.png\" alt=\"carousel image\" \/><\/span><span class='second_image_holder has_hover_image'><img decoding=\"async\" itemprop=\"image\" src=\"https:\/\/zpng.com.br\/zapping\/wp-content\/uploads\/2018\/05\/CUPNOODLES16OK.png\" alt=\"carousel image\" \/><\/span><\/a><\/div><\/li><li class='item'><div class=\"carousel_item_holder\"><a itemprop='url' href='#' target='_self'><span class='first_image_holder has_hover_image'><img decoding=\"async\" itemprop=\"image\" src=\"https:\/\/zpng.com.br\/zapping\/wp-content\/uploads\/2019\/07\/ABSOLUTOK.png\" alt=\"carousel image\" \/><\/span><span class='second_image_holder has_hover_image'><img decoding=\"async\" itemprop=\"image\" src=\"https:\/\/zpng.com.br\/zapping\/wp-content\/uploads\/2019\/07\/ABSOLUTOK.png\" alt=\"carousel image\" \/><\/span><\/a><\/div><\/li><li class='item'><div class=\"carousel_item_holder\"><a itemprop='url' href='#' target='_self'><span class='first_image_holder has_hover_image'><img decoding=\"async\" itemprop=\"image\" src=\"https:\/\/zpng.com.br\/zapping\/wp-content\/uploads\/2019\/07\/DECOLAR_OK.png\" alt=\"carousel image\" \/><\/span><span class='second_image_holder has_hover_image'><img decoding=\"async\" itemprop=\"image\" src=\"https:\/\/zpng.com.br\/zapping\/wp-content\/uploads\/2019\/07\/DECOLAR_OK.png\" alt=\"carousel image\" \/><\/span><\/a><\/div><\/li><li class='item'><div class=\"carousel_item_holder\"><a itemprop='url' href='#' target='_self'><span class='first_image_holder has_hover_image'><img decoding=\"async\" itemprop=\"image\" src=\"https:\/\/zpng.com.br\/zapping\/wp-content\/uploads\/2019\/07\/LIFTGOLD_OK.png\" alt=\"carousel image\" \/><\/span><span class='second_image_holder has_hover_image'><img decoding=\"async\" itemprop=\"image\" src=\"https:\/\/zpng.com.br\/zapping\/wp-content\/uploads\/2019\/07\/LIFTGOLD_OK.png\" alt=\"carousel image\" \/><\/span><\/a><\/div><\/li><li class='item'><div class=\"carousel_item_holder\"><a itemprop='url' href='#' target='_self'><span class='first_image_holder has_hover_image'><img decoding=\"async\" itemprop=\"image\" src=\"https:\/\/zpng.com.br\/zapping\/wp-content\/uploads\/2019\/07\/PRUDENCE_OK.png\" alt=\"carousel image\" \/><\/span><span class='second_image_holder has_hover_image'><img decoding=\"async\" itemprop=\"image\" src=\"https:\/\/zpng.com.br\/zapping\/wp-content\/uploads\/2019\/07\/PRUDENCE_OK.png\" alt=\"carousel image\" \/><\/span><\/a><\/div><\/li><li class='item'><div class=\"carousel_item_holder\"><a itemprop='url' href='#' target='_self'><span class='first_image_holder has_hover_image'><img decoding=\"async\" itemprop=\"image\" src=\"https:\/\/zpng.com.br\/zapping\/wp-content\/uploads\/2019\/07\/ONEMORE_OK.png\" alt=\"carousel image\" \/><\/span><span class='second_image_holder has_hover_image'><img decoding=\"async\" itemprop=\"image\" src=\"https:\/\/zpng.com.br\/zapping\/wp-content\/uploads\/2019\/07\/ONEMORE_OK.png\" alt=\"carousel image\" \/><\/span><\/a><\/div><\/li><\/ul><\/div><\/div>[\/vc_column][\/vc_row]<\/p>\n<\/div>","protected":false},"excerpt":{"rendered":"<p>[vc_row css_animation=&#8221;&#8221; row_type=&#8221;row&#8221; use_row_as_full_screen_section=&#8221;no&#8221; type=&#8221;grid&#8221; angled_section=&#8221;no&#8221; text_align=&#8221;left&#8221; background_image_as_pattern=&#8221;without_pattern&#8221; css=&#8221;.vc_custom_1527874481063{padding-top: 0px !important;padding-bottom: 40px !important;}&#8221; z_index=&#8221;&#8221;][vc_column][vc_column_text]A Zapping \u00e9 uma Consultoria em experi\u00eancias presenciais, que desde 2000 trabalha com produ\u00e7\u00e3o de eventos, cria\u00e7\u00e3o, fotografia e planejamento para estrat\u00e9gias de marca, dando vida a comunica\u00e7\u00e3o de maneira inteligente, aproximando&#8230;<\/p>\n","protected":false},"author":1,"featured_media":0,"parent":0,"menu_order":0,"comment_status":"closed","ping_status":"closed","template":"full_width.php","meta":{"footnotes":""},"class_list":["post-129","page","type-page","status-publish","hentry"],"_links":{"self":[{"href":"https:\/\/zpng.com.br\/zapping\/wp-json\/wp\/v2\/pages\/129","targetHints":{"allow":["GET"]}}],"collection":[{"href":"https:\/\/zpng.com.br\/zapping\/wp-json\/wp\/v2\/pages"}],"about":[{"href":"https:\/\/zpng.com.br\/zapping\/wp-json\/wp\/v2\/types\/page"}],"author":[{"embeddable":true,"href":"https:\/\/zpng.com.br\/zapping\/wp-json\/wp\/v2\/users\/1"}],"replies":[{"embeddable":true,"href":"https:\/\/zpng.com.br\/zapping\/wp-json\/wp\/v2\/comments?post=129"}],"version-history":[{"count":15,"href":"https:\/\/zpng.com.br\/zapping\/wp-json\/wp\/v2\/pages\/129\/revisions"}],"predecessor-version":[{"id":598,"href":"https:\/\/zpng.com.br\/zapping\/wp-json\/wp\/v2\/pages\/129\/revisions\/598"}],"wp:attachment":[{"href":"https:\/\/zpng.com.br\/zapping\/wp-json\/wp\/v2\/media?parent=129"}],"curies":[{"name":"wp","href":"https:\/\/api.w.org\/{rel}","templated":true}]}}